{"id":11,"date":"2025-03-12T15:36:01","date_gmt":"2025-03-12T15:36:01","guid":{"rendered":"https:\/\/omarric.com.mx\/projects\/desarrolloe\/?page_id=11"},"modified":"2025-03-27T15:08:31","modified_gmt":"2025-03-27T15:08:31","slug":"informacion-general","status":"publish","type":"page","link":"https:\/\/tecate.gob.mx\/DECO\/informacion-general\/","title":{"rendered":"Informaci\u00f3n General"},"content":{"rendered":"<h1>Informaci\u00f3n General<\/h1>\n<h1>\n<p><strong>Misi\u00f3n:<\/strong><\/p>\n<p>Nuestra Misi\u00f3n es <strong>promover el crecimiento econ\u00f3mico local<\/strong>, apoyando a las peque\u00f1as y medianas empresas, generando empleo, atrayendo inversiones, y mejorando la infraestructura y servicios para fortalecer la econom\u00eda local y garantizar el bienestar de la comunidad.<\/p>\n<p><strong>Visi\u00f3n:<\/strong><\/p>\n<p>Crear un municipio pr\u00f3spero y competitivo, con una econom\u00eda diversificada, sostenible y resiliente, donde los ciudadanos tengan acceso a oportunidades econ\u00f3micas, empleo digno, y una mejor calidad de vida a largo plazo.<\/p>\n<\/h1>\n<p><!--more--><br \/>\n<!-- {\"type\":\"layout\",\"children\":[{\"type\":\"section\",\"props\":{\"image_position\":\"center-center\",\"style\":\"primary\",\"title_breakpoint\":\"xl\",\"title_position\":\"top-left\",\"title_rotation\":\"left\",\"vertical_align\":\"middle\",\"width\":\"\"},\"children\":[{\"type\":\"row\",\"children\":[{\"type\":\"column\",\"props\":{\"image_position\":\"center-center\",\"position_sticky_breakpoint\":\"m\"},\"children\":[{\"type\":\"headline\",\"props\":{\"content\":\"Informaci\\u00f3n General\",\"title_color\":\"warning\",\"title_decoration\":\"bullet\",\"title_element\":\"h1\"}}]}],\"props\":{\"width\":\"xlarge\"}}]},{\"type\":\"section\",\"props\":{\"image_position\":\"center-center\",\"style\":\"default\",\"title_breakpoint\":\"xl\",\"title_position\":\"top-left\",\"title_rotation\":\"left\",\"vertical_align\":\"middle\",\"width\":\"default\"},\"children\":[{\"type\":\"row\",\"children\":[{\"type\":\"column\",\"props\":{\"image_position\":\"center-center\",\"position_sticky_breakpoint\":\"m\"},\"children\":[{\"type\":\"headline\",\"props\":{\"content\":\"\n\n<p><strong>Misi\\u00f3n:<\\\/strong><\\\/p>\\n\n\n<p>Nuestra Misi\\u00f3n es <strong>promover el crecimiento econ\\u00f3mico local<\\\/strong>, apoyando a las peque\\u00f1as y medianas empresas, generando empleo, atrayendo inversiones, y mejorando la infraestructura y servicios para fortalecer la econom\\u00eda local y garantizar el bienestar de la comunidad.<\\\/p>\\n\n\n<p><strong>Visi\\u00f3n:<\\\/strong><\\\/p>\\n\n\n<p>Crear un municipio pr\\u00f3spero y competitivo, con una econom\\u00eda diversificada, sostenible y resiliente, donde los ciudadanos tengan acceso a oportunidades econ\\u00f3micas, empleo digno, y una mejor calidad de vida a largo plazo.<\\\/p>\",\"title_element\":\"h1\",\"title_style\":\"h3\"}}]}]}]}],\"version\":\"4.5.9\"} --><\/p>\n","protected":false},"excerpt":{"rendered":"<p>Informaci\u00f3n General Misi\u00f3n: Nuestra Misi\u00f3n es promover el crecimiento econ\u00f3mico local, apoyando a las peque\u00f1as y medianas empresas, generando empleo, atrayendo inversiones, y mejorando la infraestructura y servicios para fortalecer la econom\u00eda local y garantizar el bienestar de la comunidad. Visi\u00f3n: Crear un municipio pr\u00f3spero y competitivo, con una econom\u00eda diversificada, sostenible y resiliente, donde [&hellip;]<\/p>\n","protected":false},"author":1,"featured_media":0,"parent":0,"menu_order":0,"comment_status":"closed","ping_status":"closed","template":"","meta":{"footnotes":""},"class_list":["post-11","page","type-page","status-publish","hentry"],"_links":{"self":[{"href":"https:\/\/tecate.gob.mx\/DECO\/wp-json\/wp\/v2\/pages\/11","targetHints":{"allow":["GET"]}}],"collection":[{"href":"https:\/\/tecate.gob.mx\/DECO\/wp-json\/wp\/v2\/pages"}],"about":[{"href":"https:\/\/tecate.gob.mx\/DECO\/wp-json\/wp\/v2\/types\/page"}],"author":[{"embeddable":true,"href":"https:\/\/tecate.gob.mx\/DECO\/wp-json\/wp\/v2\/users\/1"}],"replies":[{"embeddable":true,"href":"https:\/\/tecate.gob.mx\/DECO\/wp-json\/wp\/v2\/comments?post=11"}],"version-history":[{"count":7,"href":"https:\/\/tecate.gob.mx\/DECO\/wp-json\/wp\/v2\/pages\/11\/revisions"}],"predecessor-version":[{"id":91,"href":"https:\/\/tecate.gob.mx\/DECO\/wp-json\/wp\/v2\/pages\/11\/revisions\/91"}],"wp:attachment":[{"href":"https:\/\/tecate.gob.mx\/DECO\/wp-json\/wp\/v2\/media?parent=11"}],"curies":[{"name":"wp","href":"https:\/\/api.w.org\/{rel}","templated":true}]}}