{"id":9,"date":"2025-03-12T15:35:49","date_gmt":"2025-03-12T15:35:49","guid":{"rendered":"https:\/\/omarric.com.mx\/projects\/desarrolloe\/?page_id=9"},"modified":"2025-03-27T19:14:27","modified_gmt":"2025-03-27T19:14:27","slug":"home","status":"publish","type":"page","link":"https:\/\/tecate.gob.mx\/DECO\/","title":{"rendered":"Home"},"content":{"rendered":"<ul>\n<li>\n<p>        <img decoding=\"async\" src=\"\/projects\/desarrolloe\/wp-content\/uploads\/2025\/03\/banner01.jpg\" alt=\"\"><\/p>\n<h3>banner01<\/h3>\n<\/li>\n<li>\n<p>        <img decoding=\"async\" src=\"\/projects\/desarrolloe\/wp-content\/uploads\/2025\/03\/banner02.jpg\" alt=\"\"><\/p>\n<h3>banner02<\/h3>\n<\/li>\n<li>\n<p>        <img decoding=\"async\" src=\"\/projects\/desarrolloe\/wp-content\/uploads\/2025\/03\/banner03.jpg\" alt=\"\"><\/p>\n<h3>banner03<\/h3>\n<\/li>\n<li>\n<p>        <img decoding=\"async\" src=\"\/projects\/desarrolloe\/wp-content\/uploads\/2025\/03\/banner04.jpg\" alt=\"\"><\/p>\n<h3>banner04<\/h3>\n<\/li>\n<\/ul>\n<h1>\n<p>P<strong>romovemos el crecimiento econ\u00f3mico local<\/strong>, apoyando a las peque\u00f1as y medianas empresas, generando empleo, atrayendo inversiones, y mejorando la infraestructura y servicios.<\/p>\n<\/h1>\n<div>Servicios:<\/div>\n<ul>\n<li>\n<p>        <img decoding=\"async\" src=\"\/projects\/desarrolloe\/wp-content\/uploads\/2025\/03\/sare2.png\" alt=\"\"><\/p>\n<h3>Sistema de Apertura R\u00e1pida de Empresas (SARE)<\/h3>\n<\/li>\n<li>\n<p>        <img decoding=\"async\" src=\"\/projects\/desarrolloe\/wp-content\/uploads\/2025\/03\/bosaempleo-1.png\" alt=\"\"><\/p>\n<h3>Bolsa de empleo<\/h3>\n<\/li>\n<li>\n<p>        <img decoding=\"async\" src=\"\/projects\/desarrolloe\/wp-content\/uploads\/2025\/03\/casaemprendedor.png\" alt=\"\"><\/p>\n<h3>Casa del Emprendedor<\/h3>\n<\/li>\n<li>\n<p>        <img decoding=\"async\" src=\"\/projects\/desarrolloe\/wp-content\/uploads\/2025\/03\/border.png\" alt=\"\"><\/p>\n<h3>Cruce \u00c1gil Fronterizo (pendiente)<\/h3>\n<\/li>\n<li>\n<p>        <img decoding=\"async\" src=\"\/projects\/desarrolloe\/wp-content\/uploads\/2025\/03\/mejoraregulatoria.png\" alt=\"\"><\/p>\n<h3>Mejora Regulatoria (pendiente)<\/h3>\n<\/li>\n<li>\n<p>        <img decoding=\"async\" src=\"\/projects\/desarrolloe\/wp-content\/uploads\/2025\/03\/estadisticas.png\" alt=\"\"><\/p>\n<h3>Estad\u00edsticas<\/h3>\n<\/li>\n<\/ul>\n<p><p>\n        <a href=\"#\">Conocer M\u00e1s<\/a>\n    <\/p>\n<\/p>\n<div>\u00daltimas Noticias:<\/div>\n<div>\n<\/div>\n<p><!--more--><br \/>\n<!-- {\"type\":\"layout\",\"children\":[{\"type\":\"section\",\"props\":{\"image_position\":\"center-center\",\"padding\":\"xsmall\",\"padding_remove_top\":false,\"style\":\"default\",\"title_breakpoint\":\"xl\",\"title_position\":\"top-left\",\"title_rotation\":\"left\",\"vertical_align\":\"middle\",\"width\":\"\"},\"children\":[{\"type\":\"row\",\"children\":[{\"type\":\"column\",\"props\":{\"image_position\":\"center-center\",\"position_sticky_breakpoint\":\"m\"},\"children\":[{\"type\":\"overlay-slider\",\"props\":{\"link_style\":\"default\",\"link_text\":\"Read more\",\"margin\":\"default\",\"meta_align\":\"below-title\",\"meta_element\":\"div\",\"meta_style\":\"text-meta\",\"nav\":\"dotnav\",\"nav_align\":\"center\",\"nav_below\":true,\"nav_breakpoint\":\"s\",\"nav_position\":\"bottom-center\",\"nav_position_margin\":\"medium\",\"overlay_mode\":\"cover\",\"overlay_position\":\"center\",\"overlay_transition\":\"fade\",\"show_content\":true,\"show_hover_image\":true,\"show_hover_video\":true,\"show_link\":true,\"show_meta\":true,\"show_title\":false,\"slidenav\":\"default\",\"slidenav_breakpoint\":\"s\",\"slidenav_margin\":\"medium\",\"slidenav_outside_breakpoint\":\"xl\",\"slider_autoplay_pause\":true,\"slider_gap\":\"default\",\"slider_width\":\"\",\"slider_width_default\":\"1-1\",\"slider_width_medium\":\"1-3\",\"text_align\":\"center\",\"title_element\":\"h3\",\"title_hover_style\":\"reset\"},\"children\":[{\"type\":\"overlay-slider_item\",\"props\":{\"image\":\"wp-content\\\/uploads\\\/2025\\\/03\\\/banner01.jpg\",\"title\":\"banner01\"}},{\"type\":\"overlay-slider_item\",\"props\":{\"image\":\"wp-content\\\/uploads\\\/2025\\\/03\\\/banner02.jpg\",\"title\":\"banner02\"}},{\"type\":\"overlay-slider_item\",\"props\":{\"image\":\"wp-content\\\/uploads\\\/2025\\\/03\\\/banner03.jpg\",\"title\":\"banner03\"}},{\"type\":\"overlay-slider_item\",\"props\":{\"image\":\"wp-content\\\/uploads\\\/2025\\\/03\\\/banner04.jpg\",\"title\":\"banner04\"}}]}]}]}]},{\"type\":\"section\",\"props\":{\"animation\":\"fade\",\"image_position\":\"center-center\",\"style\":\"default\",\"title_breakpoint\":\"xl\",\"title_position\":\"top-left\",\"title_rotation\":\"left\",\"vertical_align\":\"middle\",\"width\":\"default\"},\"children\":[{\"type\":\"row\",\"children\":[{\"type\":\"column\",\"props\":{\"image_position\":\"center-center\",\"position_sticky_breakpoint\":\"m\"},\"children\":[{\"type\":\"headline\",\"props\":{\"content\":\"\n\n<p>P<strong>romovemos el crecimiento econ\\u00f3mico local<\\\/strong>, apoyando a las peque\\u00f1as y medianas empresas, generando empleo, atrayendo inversiones, y mejorando la infraestructura y servicios.<\\\/p>\",\"text_align\":\"center\",\"title_element\":\"h1\",\"title_style\":\"h2\"}},{\"type\":\"headline\",\"props\":{\"content\":\"Servicios:\",\"text_align\":\"center\",\"title_color\":\"secondary\",\"title_element\":\"div\",\"title_style\":\"h2\"}},{\"type\":\"grid\",\"props\":{\"animation\":\"scale-up\",\"blend\":false,\"container_padding_remove\":false,\"content_align\":false,\"content_column_breakpoint\":\"m\",\"filter_align\":\"left\",\"filter_all\":true,\"filter_grid_breakpoint\":\"m\",\"filter_grid_width\":\"auto\",\"filter_position\":\"top\",\"filter_style\":\"tab\",\"grid_column_align\":true,\"grid_column_gap\":\"collapse\",\"grid_default\":\"2\",\"grid_large\":\"3\",\"grid_medium\":\"3\",\"grid_parallax_justify\":false,\"grid_row_align\":true,\"grid_small\":\"2\",\"grid_xlarge\":\"3\",\"icon_width\":80,\"image_align\":\"top\",\"image_grid_breakpoint\":\"m\",\"image_grid_width\":\"1-2\",\"image_height\":150,\"image_svg_color\":\"emphasis\",\"image_width\":150,\"item_animation\":true,\"lightbox_bg_close\":true,\"link_style\":\"default\",\"link_text\":\"Read more\",\"margin\":\"default\",\"margin_remove_bottom\":false,\"margin_remove_top\":false,\"meta_align\":\"below-title\",\"meta_element\":\"div\",\"meta_style\":\"text-meta\",\"show_content\":true,\"show_hover_image\":true,\"show_hover_video\":true,\"show_image\":true,\"show_link\":true,\"show_meta\":true,\"show_title\":true,\"show_video\":true,\"text_align\":\"center\",\"title_align\":\"top\",\"title_element\":\"h3\",\"title_grid_breakpoint\":\"m\",\"title_grid_width\":\"1-2\",\"title_hover_style\":\"reset\",\"title_style\":\"h5\"},\"children\":[{\"type\":\"grid_item\",\"props\":{\"image\":\"wp-content\\\/uploads\\\/2025\\\/03\\\/sare2.png\",\"title\":\"Sistema de Apertura R\\u00e1pida de Empresas (SARE)\"}},{\"type\":\"grid_item\",\"props\":{\"image\":\"wp-content\\\/uploads\\\/2025\\\/03\\\/bosaempleo-1.png\",\"title\":\"Bolsa de empleo\"}},{\"type\":\"grid_item\",\"props\":{\"image\":\"wp-content\\\/uploads\\\/2025\\\/03\\\/casaemprendedor.png\",\"title\":\"Casa del Emprendedor\"}},{\"type\":\"grid_item\",\"props\":{\"image\":\"wp-content\\\/uploads\\\/2025\\\/03\\\/border.png\",\"title\":\"Cruce \\u00c1gil Fronterizo (pendiente)\"}},{\"type\":\"grid_item\",\"props\":{\"image\":\"wp-content\\\/uploads\\\/2025\\\/03\\\/mejoraregulatoria.png\",\"title\":\"Mejora Regulatoria (pendiente)\"}},{\"type\":\"grid_item\",\"props\":{\"image\":\"wp-content\\\/uploads\\\/2025\\\/03\\\/estadisticas.png\",\"title\":\"Estad\\u00edsticas\"}}]},{\"type\":\"button\",\"props\":{\"button_size\":\"small\",\"fullwidth\":false,\"grid_column_gap\":\"small\",\"grid_row_gap\":\"small\",\"margin\":\"large\",\"text_align\":\"right\"},\"children\":[{\"type\":\"button_item\",\"props\":{\"button_style\":\"text\",\"content\":\"Conocer M\\u00e1s\",\"dialog_layout\":\"modal\",\"dialog_offcanvas_flip\":true,\"icon\":\"arrow-right\",\"icon_align\":\"left\",\"link\":\"#\"}}]},{\"type\":\"headline\",\"props\":{\"content\":\"\\u00daltimas Noticias:\",\"text_align\":\"center\",\"title_color\":\"secondary\",\"title_element\":\"div\",\"title_style\":\"h2\"}},{\"type\":\"grid\",\"props\":{\"content_align\":false,\"content_column_breakpoint\":\"m\",\"filter_align\":\"left\",\"filter_all\":true,\"filter_grid_breakpoint\":\"m\",\"filter_grid_width\":\"auto\",\"filter_position\":\"top\",\"filter_style\":\"tab\",\"grid_column_align\":true,\"grid_column_gap\":\"collapse\",\"grid_default\":\"2\",\"grid_large\":\"3\",\"grid_medium\":\"3\",\"grid_parallax_justify\":false,\"grid_row_align\":true,\"grid_small\":\"2\",\"grid_xlarge\":\"3\",\"icon_width\":80,\"image_align\":\"top\",\"image_grid_breakpoint\":\"m\",\"image_grid_width\":\"1-2\",\"image_height\":150,\"image_svg_color\":\"emphasis\",\"image_width\":150,\"item_animation\":true,\"lightbox_bg_close\":true,\"link_style\":\"primary\",\"link_text\":\"Read more\",\"margin\":\"default\",\"meta_align\":\"below-title\",\"meta_element\":\"div\",\"meta_style\":\"text-meta\",\"panel_link\":true,\"show_content\":true,\"show_hover_image\":true,\"show_hover_video\":true,\"show_image\":true,\"show_link\":true,\"show_meta\":true,\"show_title\":true,\"show_video\":true,\"text_align\":\"center\",\"title_align\":\"top\",\"title_element\":\"h3\",\"title_grid_breakpoint\":\"m\",\"title_grid_width\":\"1-2\",\"title_hover_style\":\"reset\",\"title_style\":\"h5\"},\"children\":[{\"type\":\"grid_item\",\"props\":{\"link_text\":\"Leer Noticia\"},\"source\":{\"query\":{\"name\":\"posts.customPosts\",\"arguments\":{\"terms\":[4],\"category_operator\":\"IN\",\"post_tag_operator\":\"IN\",\"users\":[],\"users_operator\":\"IN\",\"offset\":0,\"limit\":3,\"order\":\"date\",\"order_direction\":\"DESC\"}},\"props\":{\"title\":{\"name\":\"title\",\"filters\":{\"limit\":50}},\"image\":{\"name\":\"featuredImage.url\"},\"link\":{\"name\":\"link\"}}}}]}]}]}]}],\"version\":\"4.5.9\"} --><\/p>\n","protected":false},"excerpt":{"rendered":"<p>banner01 banner02 banner03 banner04 Promovemos el crecimiento econ\u00f3mico local, apoyando a las peque\u00f1as y medianas empresas, generando empleo, atrayendo inversiones, y mejorando la infraestructura y servicios. Servicios: Sistema de Apertura R\u00e1pida de Empresas (SARE) Bolsa de empleo Casa del Emprendedor Cruce \u00c1gil Fronterizo (pendiente) Mejora Regulatoria (pendiente) Estad\u00edsticas Conocer M\u00e1s \u00daltimas Noticias:<\/p>\n","protected":false},"author":1,"featured_media":0,"parent":0,"menu_order":0,"comment_status":"closed","ping_status":"closed","template":"","meta":{"footnotes":""},"class_list":["post-9","page","type-page","status-publish","hentry"],"_links":{"self":[{"href":"https:\/\/tecate.gob.mx\/DECO\/wp-json\/wp\/v2\/pages\/9","targetHints":{"allow":["GET"]}}],"collection":[{"href":"https:\/\/tecate.gob.mx\/DECO\/wp-json\/wp\/v2\/pages"}],"about":[{"href":"https:\/\/tecate.gob.mx\/DECO\/wp-json\/wp\/v2\/types\/page"}],"author":[{"embeddable":true,"href":"https:\/\/tecate.gob.mx\/DECO\/wp-json\/wp\/v2\/users\/1"}],"replies":[{"embeddable":true,"href":"https:\/\/tecate.gob.mx\/DECO\/wp-json\/wp\/v2\/comments?post=9"}],"version-history":[{"count":36,"href":"https:\/\/tecate.gob.mx\/DECO\/wp-json\/wp\/v2\/pages\/9\/revisions"}],"predecessor-version":[{"id":100,"href":"https:\/\/tecate.gob.mx\/DECO\/wp-json\/wp\/v2\/pages\/9\/revisions\/100"}],"wp:attachment":[{"href":"https:\/\/tecate.gob.mx\/DECO\/wp-json\/wp\/v2\/media?parent=9"}],"curies":[{"name":"wp","href":"https:\/\/api.w.org\/{rel}","templated":true}]}}