{"id":19,"date":"2025-06-22T21:21:26","date_gmt":"2025-06-22T21:21:26","guid":{"rendered":"https:\/\/tecate.gob.mx\/SARE\/?page_id=19"},"modified":"2025-06-25T15:23:21","modified_gmt":"2025-06-25T15:23:21","slug":"que-es-sare","status":"publish","type":"page","link":"https:\/\/tecate.gob.mx\/SARE\/que-es-sare\/","title":{"rendered":"\u00bfQue es SARE?"},"content":{"rendered":"\n<p>Este es un programa de simplificaci\u00f3n, reingenier\u00eda y modernizaci\u00f3n administrativa de los tr\u00e1mites municipales para el inicio de operaciones de Mipymes o comercios de bajo riesgo en un m\u00e1ximo de 3 d\u00edas h\u00e1biles.&nbsp; (quedan exentos de este programa los comercios con venta de alcohol y manejo de residuos peligrosos).<\/p>\n\n\n\n<h2 class=\"wp-block-heading\"><strong>Objetivo General<\/strong><\/h2>\n\n\n\n<p>Agilizar el proceso de apertura de empresas de bajo riesgo mediante la simplificaci\u00f3n y reducci\u00f3n de tramites administrativos, con el fin de fomentar la formalidad, la inversi\u00f3n y el desarrollo econ\u00f3mico.<\/p>\n\n\n\n<h2 class=\"wp-block-heading\">Pol\u00edticas Generales SARE<\/h2>\n\n\n\n<p>Est\u00e1n orientadas a garantizar que el proceso de apertura de \u00a0\u00a0\u00a0\u00a0\u00a0\u00a0\u00a0\u00a0empresas sea eficiente, transparente y seguro, principalmente para giros de bajo riesgo y que no manejen alcohol, con una superficie de hasta 200 m2, que se encuentre dentro del cat\u00e1logo de giros de bajo riesgo y homologados al Sistema Integral de Clasificaci\u00f3n Industrial de Am\u00e9rica del Norte (SCIAN).<\/p>\n\n\n\n<p>Simplificaci\u00f3n Administrativa<\/p>\n\n\n\n<p>Agilidad en el Tramite<\/p>\n\n\n\n<p>Atenci\u00f3n a Empresas de Bajo riesgo<\/p>\n","protected":false},"excerpt":{"rendered":"<p>Este es un programa de simplificaci\u00f3n, reingenier\u00eda y modernizaci\u00f3n administrativa de los tr\u00e1mites municipales para el inicio de operaciones de Mipymes o comercios de bajo riesgo en un m\u00e1ximo de 3 d\u00edas h\u00e1biles.&nbsp; (quedan exentos de este programa los comercios con venta de alcohol y manejo de residuos peligrosos). Objetivo General Agilizar el proceso de [&hellip;]<\/p>\n","protected":false},"author":1,"featured_media":0,"parent":0,"menu_order":0,"comment_status":"closed","ping_status":"closed","template":"","meta":{"pagelayer_contact_templates":[],"_pagelayer_content":"","_themeisle_gutenberg_block_has_review":false,"footnotes":""},"class_list":["post-19","page","type-page","status-publish","hentry"],"_links":{"self":[{"href":"https:\/\/tecate.gob.mx\/SARE\/wp-json\/wp\/v2\/pages\/19","targetHints":{"allow":["GET"]}}],"collection":[{"href":"https:\/\/tecate.gob.mx\/SARE\/wp-json\/wp\/v2\/pages"}],"about":[{"href":"https:\/\/tecate.gob.mx\/SARE\/wp-json\/wp\/v2\/types\/page"}],"author":[{"embeddable":true,"href":"https:\/\/tecate.gob.mx\/SARE\/wp-json\/wp\/v2\/users\/1"}],"replies":[{"embeddable":true,"href":"https:\/\/tecate.gob.mx\/SARE\/wp-json\/wp\/v2\/comments?post=19"}],"version-history":[{"count":4,"href":"https:\/\/tecate.gob.mx\/SARE\/wp-json\/wp\/v2\/pages\/19\/revisions"}],"predecessor-version":[{"id":78,"href":"https:\/\/tecate.gob.mx\/SARE\/wp-json\/wp\/v2\/pages\/19\/revisions\/78"}],"wp:attachment":[{"href":"https:\/\/tecate.gob.mx\/SARE\/wp-json\/wp\/v2\/media?parent=19"}],"curies":[{"name":"wp","href":"https:\/\/api.w.org\/{rel}","templated":true}]}}