{"id":25,"date":"2025-06-22T21:24:24","date_gmt":"2025-06-22T21:24:24","guid":{"rendered":"https:\/\/tecate.gob.mx\/SARE\/?page_id=25"},"modified":"2025-06-23T18:42:01","modified_gmt":"2025-06-23T18:42:01","slug":"contacto","status":"publish","type":"page","link":"https:\/\/tecate.gob.mx\/SARE\/contacto\/","title":{"rendered":"Contacto"},"content":{"rendered":"\n<p><strong>Direcci\u00f3n de Desarrollo Econ\u00f3mico<\/strong><br> Correo electr\u00f3nicos:<br>     Desarrollo.economico@tecate.gob.mx<br>     Sare@tecate.gob.mx<br> Tel\u00e9fono:<br>     665-654-8095<br> Direcci\u00f3n:<br>    Calle Presidente Pascual Ortiz Rubio 1310 Zona Centro<\/p>\n\n\n\n<p><\/p>\n","protected":false},"excerpt":{"rendered":"<p>Direcci\u00f3n de Desarrollo Econ\u00f3mico Correo electr\u00f3nicos: Desarrollo.economico@tecate.gob.mx Sare@tecate.gob.mx Tel\u00e9fono: 665-654-8095 Direcci\u00f3n: Calle Presidente Pascual Ortiz Rubio 1310 Zona Centro<\/p>\n","protected":false},"author":1,"featured_media":0,"parent":0,"menu_order":0,"comment_status":"closed","ping_status":"closed","template":"","meta":{"pagelayer_contact_templates":[],"_pagelayer_content":"","_themeisle_gutenberg_block_has_review":false,"footnotes":""},"class_list":["post-25","page","type-page","status-publish","hentry"],"_links":{"self":[{"href":"https:\/\/tecate.gob.mx\/SARE\/wp-json\/wp\/v2\/pages\/25","targetHints":{"allow":["GET"]}}],"collection":[{"href":"https:\/\/tecate.gob.mx\/SARE\/wp-json\/wp\/v2\/pages"}],"about":[{"href":"https:\/\/tecate.gob.mx\/SARE\/wp-json\/wp\/v2\/types\/page"}],"author":[{"embeddable":true,"href":"https:\/\/tecate.gob.mx\/SARE\/wp-json\/wp\/v2\/users\/1"}],"replies":[{"embeddable":true,"href":"https:\/\/tecate.gob.mx\/SARE\/wp-json\/wp\/v2\/comments?post=25"}],"version-history":[{"count":4,"href":"https:\/\/tecate.gob.mx\/SARE\/wp-json\/wp\/v2\/pages\/25\/revisions"}],"predecessor-version":[{"id":75,"href":"https:\/\/tecate.gob.mx\/SARE\/wp-json\/wp\/v2\/pages\/25\/revisions\/75"}],"wp:attachment":[{"href":"https:\/\/tecate.gob.mx\/SARE\/wp-json\/wp\/v2\/media?parent=25"}],"curies":[{"name":"wp","href":"https:\/\/api.w.org\/{rel}","templated":true}]}}