{"id":40,"date":"2026-01-29T23:09:31","date_gmt":"2026-01-29T23:09:31","guid":{"rendered":"https:\/\/tecate.gob.mx\/transparencia\/art-81\/"},"modified":"2026-04-13T03:08:47","modified_gmt":"2026-04-13T03:08:47","slug":"art-81","status":"publish","type":"page","link":"https:\/\/tecate.gob.mx\/transparencia\/art-81\/","title":{"rendered":"Art. 81"},"content":{"rendered":"\n<div class=\"wp-block-buttons is-content-justification-center is-layout-flex wp-container-core-buttons-is-layout-a89b3969 wp-block-buttons-is-layout-flex\">\n<div class=\"wp-block-button\"><a class=\"wp-block-button__link has-secondary-accent-color has-heading-background-color has-text-color has-background has-link-color wp-element-button\"><strong>1er Trimestre<\/strong><\/a><\/div>\n\n\n\n<div class=\"wp-block-button\"><a class=\"wp-block-button__link has-secondary-accent-color has-heading-background-color has-text-color has-background has-link-color wp-element-button\">2do<strong> Trimestre<\/strong><\/a><\/div>\n\n\n\n<div class=\"wp-block-button\"><a class=\"wp-block-button__link has-secondary-accent-color has-heading-background-color has-text-color has-background has-link-color wp-element-button\">3<strong>er Trimestre<\/strong><\/a><\/div>\n\n\n\n<div class=\"wp-block-button\"><a class=\"wp-block-button__link has-secondary-accent-color has-heading-background-color has-text-color has-background has-link-color wp-element-button\">4to<strong> Trimestre<\/strong><\/a><\/div>\n<\/div>\n\n\n\n<p>Ley de Transparencia y Acceso a la Informaci\u00f3n P\u00fablica para el Estado de Baja California.<\/p>\n\n\n\n<p>\u00abLos sujetos obligados deber\u00e1n poner a disposici\u00f3n del p\u00fablico y mantener actualizada conforme a lo establecido por esta Ley, en sus respectivos portales de internet, la informaci\u00f3n de inter\u00e9s p\u00fablico por lo menos, de los temas, documentos y pol\u00edticas que a continuaci\u00f3n se se\u00f1ala:<br>&nbsp;<br>I.- El marco normativo aplicable al sujeto obligado, en el que deber\u00e1 incluirse leyes, c\u00f3digos, reglamentos, decretos de creaci\u00f3n, manuales administrativos, reglas de operaci\u00f3n, criterios, pol\u00edticas, entre otros.&nbsp;<br>&nbsp;<br>II.- Su estructura org\u00e1nica completa, en un formato que permita vincular cada parte de la estructura, las atribuciones y responsabilidades que le corresponden a cada servidor p\u00fablico, prestador de servicios profesionales o integrante de los sujetos obligados, de conformidad con las disposiciones aplicables.<br>&nbsp;<br>III.- Las facultades de cada \u00e1rea.&nbsp;<br>&nbsp;<br>IV.- Las metas y objetivos de las \u00e1reas de conformidad con sus programas operativos.<br>&nbsp;<br>V.- Los indicadores relacionados con temas de inter\u00e9s p\u00fablico o trascendencia social que conforme a sus funciones, deban establecer.&nbsp;<br>&nbsp;<br>VI.- Los indicadores que permitan rendir cuenta de sus objetivos y resultados.&nbsp;<br>&nbsp;<br>VII.- El directorio de todos los servidores p\u00fablicos, a partir del nivel de jefe de departamento o su equivalente, o de menor nivel, cuando se brinde atenci\u00f3n al p\u00fablico; manejen apliquen recursos p\u00fablicos; realicen actos de autoridad o presten servicios profesionales bajo el r\u00e9gimen de confianza u honorarios y personal de base. El directorio deber\u00e1 incluir, al menos el nombre, cargo o nombramiento asignado, nivel del puesto en la estructura org\u00e1nica, fecha de alta en el cargo, n\u00famero telef\u00f3nico, domicilio para recibir correspondencia y direcci\u00f3n de correo electr\u00f3nico oficiales.<br>&nbsp;<br>VIII.- La remuneraci\u00f3n bruta y neta de todos los servidores p\u00fablicos de base o de confianza, de todas las percepciones, incluyendo sueldos, prestaciones, gratificaciones, primas, comisiones, dietas, bonos, est\u00edmulos, ingresos y sistemas de compensaci\u00f3n, se\u00f1alando la periodicidad de dicha remuneraci\u00f3n.&nbsp;<br>&nbsp;<br>IX.- Los gastos de representaci\u00f3n y vi\u00e1ticos, as\u00ed como el objeto e informe de comisi\u00f3n correspondiente.&nbsp;<br>&nbsp;<br>X.- El n\u00famero total de las plazas y del personal de base y confianza, especificando el total de las vacantes, por nivel de puesto, para cada unidad administrativa.&nbsp;<br>&nbsp;<br>XI.- Las contrataciones de servicios profesionales por honorarios, se\u00f1alando los nombres de los prestadores de servicios, los servicios contratados, el monto de los honorarios y el periodo de contrataci\u00f3n.&nbsp;<br>&nbsp;<br>XII.- La informaci\u00f3n en versi\u00f3n p\u00fablica de la declaraci\u00f3n patrimonial, declaraci\u00f3n &nbsp;fiscal y declaraci\u00f3n de intereses de todos aquellos servidores p\u00fablicos que conforme a la Ley y las disposiciones aplicables en la materia, se encuentren obligado a ello.<br>&nbsp;<br>XIII.- El domicilio de la Unidad de Transparencia, adem\u00e1s de la direcci\u00f3n electr\u00f3nica donde podr\u00e1n recibirse las solicitudes para obtener la informaci\u00f3n.&nbsp;<br>&nbsp;<br>XIV.- Las convocatorias a concursos para ocupar cargos p\u00fablicos y los resultados de los mismos.&nbsp;<br>&nbsp;<br>XV.- La informaci\u00f3n de los programas de subsidios, est\u00edmulos y apoyos, en el que se deber\u00e1 informar respecto de los programas de transferencia, de servicios, de infraestructura social y de subsidio (&#8230;)\u00bb<\/p>\n\n\n\n<p><\/p>\n","protected":false},"excerpt":{"rendered":"<p>Ley de Transparencia y Acceso a la Informaci\u00f3n P\u00fablica para el Estado de Baja California. \u00abLos sujetos obligados deber\u00e1n poner a disposici\u00f3n del p\u00fablico y mantener actualizada conforme a lo establecido por esta Ley, en sus respectivos portales de internet, la informaci\u00f3n de inter\u00e9s p\u00fablico por lo menos, de los temas, documentos y pol\u00edticas que [&hellip;]<\/p>\n","protected":false},"author":1,"featured_media":0,"parent":0,"menu_order":0,"comment_status":"closed","ping_status":"closed","template":"","meta":{"pagelayer_contact_templates":[],"_pagelayer_content":"","footnotes":""},"class_list":["post-40","page","type-page","status-publish","hentry"],"_links":{"self":[{"href":"https:\/\/tecate.gob.mx\/transparencia\/wp-json\/wp\/v2\/pages\/40","targetHints":{"allow":["GET"]}}],"collection":[{"href":"https:\/\/tecate.gob.mx\/transparencia\/wp-json\/wp\/v2\/pages"}],"about":[{"href":"https:\/\/tecate.gob.mx\/transparencia\/wp-json\/wp\/v2\/types\/page"}],"author":[{"embeddable":true,"href":"https:\/\/tecate.gob.mx\/transparencia\/wp-json\/wp\/v2\/users\/1"}],"replies":[{"embeddable":true,"href":"https:\/\/tecate.gob.mx\/transparencia\/wp-json\/wp\/v2\/comments?post=40"}],"version-history":[{"count":6,"href":"https:\/\/tecate.gob.mx\/transparencia\/wp-json\/wp\/v2\/pages\/40\/revisions"}],"predecessor-version":[{"id":326,"href":"https:\/\/tecate.gob.mx\/transparencia\/wp-json\/wp\/v2\/pages\/40\/revisions\/326"}],"wp:attachment":[{"href":"https:\/\/tecate.gob.mx\/transparencia\/wp-json\/wp\/v2\/media?parent=40"}],"curies":[{"name":"wp","href":"https:\/\/api.w.org\/{rel}","templated":true}]}}